{"id":474,"date":"2023-10-23T20:01:35","date_gmt":"2023-10-23T20:01:35","guid":{"rendered":"https:\/\/armcom.ca\/?page_id=474"},"modified":"2023-10-23T21:02:01","modified_gmt":"2023-10-23T21:02:01","slug":"surveillance-video-eyeforce","status":"publish","type":"page","link":"https:\/\/armcom.ca\/fr\/eyeforce-video-monitoring\/","title":{"rendered":"Tout savoir sur la vid\u00e9osurveillance Eyeforce"},"content":{"rendered":"<div data-elementor-type=\"wp-page\" data-elementor-id=\"474\" class=\"elementor elementor-474\" data-elementor-post-type=\"page\">\n\t\t\t\t\t\t<section class=\"elementor-section elementor-top-section elementor-element elementor-element-1115914e elementor-section-boxed elementor-section-height-default elementor-section-height-default\" data-id=\"1115914e\" data-element_type=\"section\" data-e-type=\"section\" data-settings=\"{&quot;background_background&quot;:&quot;classic&quot;}\">\n\t\t\t\t\t\t\t<div class=\"elementor-background-overlay\"><\/div>\n\t\t\t\t\t\t\t<div class=\"elementor-container elementor-column-gap-default\">\n\t\t\t\t\t<div class=\"elementor-column elementor-col-66 elementor-top-column elementor-element elementor-element-524fc49d\" data-id=\"524fc49d\" data-element_type=\"column\" data-e-type=\"column\" data-settings=\"{&quot;background_background&quot;:&quot;classic&quot;}\">\n\t\t\t<div class=\"elementor-widget-wrap elementor-element-populated\">\n\t\t\t\t\t<div class=\"elementor-background-overlay\"><\/div>\n\t\t\t\t\t\t<div class=\"elementor-element elementor-element-40b6211d elementor-widget elementor-widget-heading\" data-id=\"40b6211d\" data-element_type=\"widget\" data-e-type=\"widget\" data-widget_type=\"heading.default\">\n\t\t\t\t<div class=\"elementor-widget-container\">\n\t\t\t\t\t<h1 class=\"elementor-heading-title elementor-size-default\">Tout savoir sur Eyeforce<\/h1>\t\t\t\t<\/div>\n\t\t\t\t<\/div>\n\t\t\t\t<div class=\"elementor-element elementor-element-2b5139c3 elementor-widget elementor-widget-text-editor\" data-id=\"2b5139c3\" data-element_type=\"widget\" data-e-type=\"widget\" data-widget_type=\"text-editor.default\">\n\t\t\t\t<div class=\"elementor-widget-container\">\n\t\t\t\t\t\t\t\t\t<p>7 novembre \u00e0 9h30 MST\/11h30 EST<\/p>\t\t\t\t\t\t\t\t<\/div>\n\t\t\t\t<\/div>\n\t\t\t\t<div class=\"elementor-element elementor-element-b652a04 elementor-align-left elementor-widget elementor-widget-button\" data-id=\"b652a04\" data-element_type=\"widget\" data-e-type=\"widget\" data-widget_type=\"button.default\">\n\t\t\t\t<div class=\"elementor-widget-container\">\n\t\t\t\t\t\t\t\t\t<div class=\"elementor-button-wrapper\">\n\t\t\t\t\t<a class=\"elementor-button elementor-button-link elementor-size-sm elementor-animation-bob\" href=\"#Form\">\n\t\t\t\t\t\t<span class=\"elementor-button-content-wrapper\">\n\t\t\t\t\t\t\t\t\t<span class=\"elementor-button-text\">S'inscrire au webinaire<\/span>\n\t\t\t\t\t<\/span>\n\t\t\t\t\t<\/a>\n\t\t\t\t<\/div>\n\t\t\t\t\t\t\t\t<\/div>\n\t\t\t\t<\/div>\n\t\t\t\t\t<\/div>\n\t\t<\/div>\n\t\t\t\t<div class=\"elementor-column elementor-col-33 elementor-top-column elementor-element elementor-element-101ecbb3\" data-id=\"101ecbb3\" data-element_type=\"column\" data-e-type=\"column\">\n\t\t\t<div class=\"elementor-widget-wrap\">\n\t\t\t\t\t\t\t<\/div>\n\t\t<\/div>\n\t\t\t\t\t<\/div>\n\t\t<\/section>\n\t\t\t\t<section class=\"elementor-section elementor-top-section elementor-element elementor-element-6fd318c3 elementor-section-boxed elementor-section-height-default elementor-section-height-default\" data-id=\"6fd318c3\" data-element_type=\"section\" data-e-type=\"section\">\n\t\t\t\t\t\t<div class=\"elementor-container elementor-column-gap-default\">\n\t\t\t\t\t<div class=\"elementor-column elementor-col-100 elementor-top-column elementor-element elementor-element-7835009a\" data-id=\"7835009a\" data-element_type=\"column\" data-e-type=\"column\">\n\t\t\t<div class=\"elementor-widget-wrap elementor-element-populated\">\n\t\t\t\t\t\t<div class=\"elementor-element elementor-element-15484789 elementor-widget elementor-widget-spacer\" data-id=\"15484789\" data-element_type=\"widget\" data-e-type=\"widget\" data-widget_type=\"spacer.default\">\n\t\t\t\t<div class=\"elementor-widget-container\">\n\t\t\t\t\t\t\t<div class=\"elementor-spacer\">\n\t\t\t<div class=\"elementor-spacer-inner\"><\/div>\n\t\t<\/div>\n\t\t\t\t\t\t<\/div>\n\t\t\t\t<\/div>\n\t\t\t\t<div class=\"elementor-element elementor-element-744d4515 elementor-widget elementor-widget-text-editor\" data-id=\"744d4515\" data-element_type=\"widget\" data-e-type=\"widget\" data-widget_type=\"text-editor.default\">\n\t\t\t\t<div class=\"elementor-widget-container\">\n\t\t\t\t\t\t\t\t\t<p>Dan Small, pr\u00e9sident d'Armstrongs, et l'\u00e9quipe de surveillance d'Armstrongs ont le plaisir de vous inviter \u00e0 vous joindre \u00e0 nous pour un webinaire sp\u00e9cial, \"Tout savoir sur Eyeforce\", avec Daniel Forrest et Danny Youngerman.\u00a0<\/p><p>Vous d\u00e9couvrirez les technologies de surveillance aliment\u00e9es par l'IA d'Eyeforce, la s\u00e9curit\u00e9 proactive par rapport \u00e0 la s\u00e9curit\u00e9 r\u00e9active, et la fa\u00e7on dont elles aident les clients \u00e0 \u00e9viter les co\u00fbts \u00e9lev\u00e9s et la responsabilit\u00e9 associ\u00e9s aux gardes en uniforme.\u00a0<\/p>\t\t\t\t\t\t\t\t<\/div>\n\t\t\t\t<\/div>\n\t\t\t\t<div class=\"elementor-element elementor-element-63f35920 elementor-widget elementor-widget-heading\" data-id=\"63f35920\" data-element_type=\"widget\" data-e-type=\"widget\" data-widget_type=\"heading.default\">\n\t\t\t\t<div class=\"elementor-widget-container\">\n\t\t\t\t\t<h2 class=\"elementor-heading-title elementor-size-default\">Mardi 7 novembre \u00e0 9h30 MST \/ 11h30 EST<\/h2>\t\t\t\t<\/div>\n\t\t\t\t<\/div>\n\t\t\t\t<div class=\"elementor-element elementor-element-736b706a elementor-widget elementor-widget-spacer\" data-id=\"736b706a\" data-element_type=\"widget\" data-e-type=\"widget\" data-widget_type=\"spacer.default\">\n\t\t\t\t<div class=\"elementor-widget-container\">\n\t\t\t\t\t\t\t<div class=\"elementor-spacer\">\n\t\t\t<div class=\"elementor-spacer-inner\"><\/div>\n\t\t<\/div>\n\t\t\t\t\t\t<\/div>\n\t\t\t\t<\/div>\n\t\t\t\t<div class=\"elementor-element elementor-element-21e4185 elementor-widget elementor-widget-menu-anchor\" data-id=\"21e4185\" data-element_type=\"widget\" data-e-type=\"widget\" data-widget_type=\"menu-anchor.default\">\n\t\t\t\t<div class=\"elementor-widget-container\">\n\t\t\t\t\t\t\t<div class=\"elementor-menu-anchor\" id=\"Form\"><\/div>\n\t\t\t\t\t\t<\/div>\n\t\t\t\t<\/div>\n\t\t\t\t\t<\/div>\n\t\t<\/div>\n\t\t\t\t\t<\/div>\n\t\t<\/section>\n\t\t\t\t<section class=\"elementor-section elementor-top-section elementor-element elementor-element-58807a9 elementor-section-boxed elementor-section-height-default elementor-section-height-default\" data-id=\"58807a9\" data-element_type=\"section\" data-e-type=\"section\" data-settings=\"{&quot;background_background&quot;:&quot;classic&quot;}\">\n\t\t\t\t\t\t\t<div class=\"elementor-background-overlay\"><\/div>\n\t\t\t\t\t\t\t<div class=\"elementor-container elementor-column-gap-default\">\n\t\t\t\t\t<div class=\"elementor-column elementor-col-100 elementor-top-column elementor-element elementor-element-f2c035d\" data-id=\"f2c035d\" data-element_type=\"column\" data-e-type=\"column\">\n\t\t\t<div class=\"elementor-widget-wrap elementor-element-populated\">\n\t\t\t\t\t\t<div class=\"elementor-element elementor-element-88d004a elementor-widget elementor-widget-html\" data-id=\"88d004a\" data-element_type=\"widget\" data-e-type=\"widget\" data-widget_type=\"html.default\">\n\t\t\t\t<div class=\"elementor-widget-container\">\n\t\t\t\t\t<script charset=\"utf-8\" type=\"text\/javascript\" src=\"\/\/js.hsforms.net\/forms\/embed\/v2.js\"><\/script>\n<script>\n  hbspt.forms.create({\n    region: \"na1\",\n    portalId: \"39590251\",\n    formId: \"fdd913ae-2b4a-4395-b60c-42e17c8f890f\"\n  });\n<\/script>\t\t\t\t<\/div>\n\t\t\t\t<\/div>\n\t\t\t\t\t<\/div>\n\t\t<\/div>\n\t\t\t\t\t<\/div>\n\t\t<\/section>\n\t\t\t\t<section class=\"elementor-section elementor-top-section elementor-element elementor-element-95636fc elementor-section-boxed elementor-section-height-default elementor-section-height-default\" data-id=\"95636fc\" data-element_type=\"section\" data-e-type=\"section\">\n\t\t\t\t\t\t<div class=\"elementor-container elementor-column-gap-default\">\n\t\t\t\t\t<div class=\"elementor-column elementor-col-100 elementor-top-column elementor-element elementor-element-bdae2db\" data-id=\"bdae2db\" data-element_type=\"column\" data-e-type=\"column\">\n\t\t\t<div class=\"elementor-widget-wrap elementor-element-populated\">\n\t\t\t\t\t\t<div class=\"elementor-element elementor-element-098c005 elementor-widget elementor-widget-spacer\" data-id=\"098c005\" data-element_type=\"widget\" data-e-type=\"widget\" data-widget_type=\"spacer.default\">\n\t\t\t\t<div class=\"elementor-widget-container\">\n\t\t\t\t\t\t\t<div class=\"elementor-spacer\">\n\t\t\t<div class=\"elementor-spacer-inner\"><\/div>\n\t\t<\/div>\n\t\t\t\t\t\t<\/div>\n\t\t\t\t<\/div>\n\t\t\t\t<div class=\"elementor-element elementor-element-c1e6510 elementor-widget elementor-widget-image\" data-id=\"c1e6510\" data-element_type=\"widget\" data-e-type=\"widget\" data-widget_type=\"image.default\">\n\t\t\t\t<div class=\"elementor-widget-container\">\n\t\t\t\t\t\t\t\t\t\t\t\t\t\t\t<img fetchpriority=\"high\" decoding=\"async\" width=\"800\" height=\"275\" src=\"https:\/\/armcom.ca\/wp-content\/uploads\/2023\/10\/Armstrongs_Newsletter_Footer-1024x352.webp\" class=\"attachment-large size-large wp-image-478\" alt=\"\" srcset=\"https:\/\/armcom.ca\/wp-content\/uploads\/2023\/10\/Armstrongs_Newsletter_Footer-1024x352.webp 1024w, https:\/\/armcom.ca\/wp-content\/uploads\/2023\/10\/Armstrongs_Newsletter_Footer-300x103.webp 300w, https:\/\/armcom.ca\/wp-content\/uploads\/2023\/10\/Armstrongs_Newsletter_Footer-768x264.webp 768w, https:\/\/armcom.ca\/wp-content\/uploads\/2023\/10\/Armstrongs_Newsletter_Footer-18x6.webp 18w, https:\/\/armcom.ca\/wp-content\/uploads\/2023\/10\/Armstrongs_Newsletter_Footer.webp 1250w\" sizes=\"(max-width: 800px) 100vw, 800px\" \/>\t\t\t\t\t\t\t\t\t\t\t\t\t\t\t<\/div>\n\t\t\t\t<\/div>\n\t\t\t\t<div class=\"elementor-element elementor-element-98a934a elementor-widget elementor-widget-spacer\" data-id=\"98a934a\" data-element_type=\"widget\" data-e-type=\"widget\" data-widget_type=\"spacer.default\">\n\t\t\t\t<div class=\"elementor-widget-container\">\n\t\t\t\t\t\t\t<div class=\"elementor-spacer\">\n\t\t\t<div class=\"elementor-spacer-inner\"><\/div>\n\t\t<\/div>\n\t\t\t\t\t\t<\/div>\n\t\t\t\t<\/div>\n\t\t\t\t\t<\/div>\n\t\t<\/div>\n\t\t\t\t\t<\/div>\n\t\t<\/section>\n\t\t\t\t<\/div>","protected":false},"excerpt":{"rendered":"<p>D\u00e9couvrez les technologies de surveillance d'Eyeforce bas\u00e9es sur l'IA - Mardi 7 novembre \u00e0 9h30 MST \/ 11h30 EST<\/p>","protected":false},"author":2,"featured_media":475,"parent":0,"menu_order":0,"comment_status":"closed","ping_status":"closed","template":"","meta":{"content-type":"","footnotes":""},"class_list":["post-474","page","type-page","status-publish","has-post-thumbnail","hentry"],"yoast_head":"<!-- This site is optimized with the Yoast SEO plugin v27.1.1 - https:\/\/yoast.com\/product\/yoast-seo-wordpress\/ -->\n<title>Learning All About Eyeforce Video Monitoring - Armstrongs<\/title>\n<meta name=\"description\" content=\"Learn about Eyeforce\u2019s AI-powered surveillance technologies - Tuesday, November 7th at 9:30 am MST \/ 11:30 am EST.\" \/>\n<meta name=\"robots\" content=\"noindex, follow\" \/>\n<meta property=\"og:locale\" content=\"fr_CA\" \/>\n<meta property=\"og:type\" content=\"article\" \/>\n<meta property=\"og:title\" content=\"Learning All About Eyeforce Video Monitoring - Armstrongs\" \/>\n<meta property=\"og:description\" content=\"Learn about Eyeforce\u2019s AI-powered surveillance technologies - Tuesday, November 7th at 9:30 am MST \/ 11:30 am EST.\" \/>\n<meta property=\"og:url\" content=\"https:\/\/armcom.ca\/fr\/surveillance-video-eyeforce\/\" \/>\n<meta property=\"og:site_name\" content=\"Armstrongs\" \/>\n<meta property=\"article:modified_time\" content=\"2023-10-23T21:02:01+00:00\" \/>\n<meta property=\"og:image\" content=\"https:\/\/armcom.ca\/wp-content\/uploads\/2023\/10\/Eyeforce-Video-Monitoring-in-Canada.png\" \/>\n\t<meta property=\"og:image:width\" content=\"1800\" \/>\n\t<meta property=\"og:image:height\" content=\"1200\" \/>\n\t<meta property=\"og:image:type\" content=\"image\/png\" \/>\n<meta name=\"twitter:card\" content=\"summary_large_image\" \/>\n<meta name=\"twitter:label1\" content=\"Estimation du temps de lecture\" \/>\n\t<meta name=\"twitter:data1\" content=\"1 minute\" \/>\n<script type=\"application\/ld+json\" class=\"yoast-schema-graph\">{\"@context\":\"https:\/\/schema.org\",\"@graph\":[{\"@type\":\"WebPage\",\"@id\":\"https:\/\/armcom.ca\/eyeforce-video-monitoring\/\",\"url\":\"https:\/\/armcom.ca\/eyeforce-video-monitoring\/\",\"name\":\"Learning All About Eyeforce Video Monitoring - Armstrongs\",\"isPartOf\":{\"@id\":\"https:\/\/armcom.ca\/#website\"},\"primaryImageOfPage\":{\"@id\":\"https:\/\/armcom.ca\/eyeforce-video-monitoring\/#primaryimage\"},\"image\":{\"@id\":\"https:\/\/armcom.ca\/eyeforce-video-monitoring\/#primaryimage\"},\"thumbnailUrl\":\"https:\/\/armcom.ca\/wp-content\/uploads\/2023\/10\/Eyeforce-Video-Monitoring-in-Canada.png\",\"datePublished\":\"2023-10-23T20:01:35+00:00\",\"dateModified\":\"2023-10-23T21:02:01+00:00\",\"description\":\"Learn about Eyeforce\u2019s AI-powered surveillance technologies - Tuesday, November 7th at 9:30 am MST \/ 11:30 am EST.\",\"breadcrumb\":{\"@id\":\"https:\/\/armcom.ca\/eyeforce-video-monitoring\/#breadcrumb\"},\"inLanguage\":\"fr-CA\",\"potentialAction\":[{\"@type\":\"ReadAction\",\"target\":[\"https:\/\/armcom.ca\/eyeforce-video-monitoring\/\"]}]},{\"@type\":\"ImageObject\",\"inLanguage\":\"fr-CA\",\"@id\":\"https:\/\/armcom.ca\/eyeforce-video-monitoring\/#primaryimage\",\"url\":\"https:\/\/armcom.ca\/wp-content\/uploads\/2023\/10\/Eyeforce-Video-Monitoring-in-Canada.png\",\"contentUrl\":\"https:\/\/armcom.ca\/wp-content\/uploads\/2023\/10\/Eyeforce-Video-Monitoring-in-Canada.png\",\"width\":1800,\"height\":1200,\"caption\":\"Eyeforce Remote Video Monitoring in Canada\"},{\"@type\":\"BreadcrumbList\",\"@id\":\"https:\/\/armcom.ca\/eyeforce-video-monitoring\/#breadcrumb\",\"itemListElement\":[{\"@type\":\"ListItem\",\"position\":1,\"name\":\"Home\",\"item\":\"https:\/\/armcom.ca\/\"},{\"@type\":\"ListItem\",\"position\":2,\"name\":\"Learning All About Eyeforce Video Monitoring\"}]},{\"@type\":\"WebSite\",\"@id\":\"https:\/\/armcom.ca\/#website\",\"url\":\"https:\/\/armcom.ca\/\",\"name\":\"Armstrongs\",\"description\":\"A Becklar Company\",\"publisher\":{\"@id\":\"https:\/\/armcom.ca\/#organization\"},\"potentialAction\":[{\"@type\":\"SearchAction\",\"target\":{\"@type\":\"EntryPoint\",\"urlTemplate\":\"https:\/\/armcom.ca\/?s={search_term_string}\"},\"query-input\":{\"@type\":\"PropertyValueSpecification\",\"valueRequired\":true,\"valueName\":\"search_term_string\"}}],\"inLanguage\":\"fr-CA\"},{\"@type\":\"Organization\",\"@id\":\"https:\/\/armcom.ca\/#organization\",\"name\":\"Armstrongs\",\"url\":\"https:\/\/armcom.ca\/\",\"logo\":{\"@type\":\"ImageObject\",\"inLanguage\":\"fr-CA\",\"@id\":\"https:\/\/armcom.ca\/#\/schema\/logo\/image\/\",\"url\":\"https:\/\/armcom.ca\/wp-content\/uploads\/2023\/04\/Armstrongs_logo_Master.png\",\"contentUrl\":\"https:\/\/armcom.ca\/wp-content\/uploads\/2023\/04\/Armstrongs_logo_Master.png\",\"width\":1251,\"height\":271,\"caption\":\"Armstrongs\"},\"image\":{\"@id\":\"https:\/\/armcom.ca\/#\/schema\/logo\/image\/\"},\"sameAs\":[\"https:\/\/www.linkedin.com\/company\/armstrongs-an-avantguard-monitoring-company\/\"]}]}<\/script>\n<!-- \/ Yoast SEO plugin. -->","yoast_head_json":{"title":"Tout savoir sur la vid\u00e9osurveillance Eyeforce - Armstrongs","description":"D\u00e9couvrez les technologies de surveillance d'Eyeforce bas\u00e9es sur l'IA - mardi 7 novembre \u00e0 9h30 MST \/ 11h30 EST.","robots":{"index":"noindex","follow":"follow"},"og_locale":"fr_CA","og_type":"article","og_title":"Learning All About Eyeforce Video Monitoring - Armstrongs","og_description":"Learn about Eyeforce\u2019s AI-powered surveillance technologies - Tuesday, November 7th at 9:30 am MST \/ 11:30 am EST.","og_url":"https:\/\/armcom.ca\/fr\/surveillance-video-eyeforce\/","og_site_name":"Armstrongs","article_modified_time":"2023-10-23T21:02:01+00:00","og_image":[{"width":1800,"height":1200,"url":"https:\/\/armcom.ca\/wp-content\/uploads\/2023\/10\/Eyeforce-Video-Monitoring-in-Canada.png","type":"image\/png"}],"twitter_card":"summary_large_image","twitter_misc":{"Estimation du temps de lecture":"1 minute"},"schema":{"@context":"https:\/\/schema.org","@graph":[{"@type":"WebPage","@id":"https:\/\/armcom.ca\/eyeforce-video-monitoring\/","url":"https:\/\/armcom.ca\/eyeforce-video-monitoring\/","name":"Tout savoir sur la vid\u00e9osurveillance Eyeforce - Armstrongs","isPartOf":{"@id":"https:\/\/armcom.ca\/#website"},"primaryImageOfPage":{"@id":"https:\/\/armcom.ca\/eyeforce-video-monitoring\/#primaryimage"},"image":{"@id":"https:\/\/armcom.ca\/eyeforce-video-monitoring\/#primaryimage"},"thumbnailUrl":"https:\/\/armcom.ca\/wp-content\/uploads\/2023\/10\/Eyeforce-Video-Monitoring-in-Canada.png","datePublished":"2023-10-23T20:01:35+00:00","dateModified":"2023-10-23T21:02:01+00:00","description":"D\u00e9couvrez les technologies de surveillance d'Eyeforce bas\u00e9es sur l'IA - mardi 7 novembre \u00e0 9h30 MST \/ 11h30 EST.","breadcrumb":{"@id":"https:\/\/armcom.ca\/eyeforce-video-monitoring\/#breadcrumb"},"inLanguage":"fr-CA","potentialAction":[{"@type":"ReadAction","target":["https:\/\/armcom.ca\/eyeforce-video-monitoring\/"]}]},{"@type":"ImageObject","inLanguage":"fr-CA","@id":"https:\/\/armcom.ca\/eyeforce-video-monitoring\/#primaryimage","url":"https:\/\/armcom.ca\/wp-content\/uploads\/2023\/10\/Eyeforce-Video-Monitoring-in-Canada.png","contentUrl":"https:\/\/armcom.ca\/wp-content\/uploads\/2023\/10\/Eyeforce-Video-Monitoring-in-Canada.png","width":1800,"height":1200,"caption":"Eyeforce Remote Video Monitoring in Canada"},{"@type":"BreadcrumbList","@id":"https:\/\/armcom.ca\/eyeforce-video-monitoring\/#breadcrumb","itemListElement":[{"@type":"ListItem","position":1,"name":"Home","item":"https:\/\/armcom.ca\/"},{"@type":"ListItem","position":2,"name":"Learning All About Eyeforce Video Monitoring"}]},{"@type":"WebSite","@id":"https:\/\/armcom.ca\/#website","url":"https:\/\/armcom.ca\/","name":"Armstrongs","description":"Une soci\u00e9t\u00e9 Becklar","publisher":{"@id":"https:\/\/armcom.ca\/#organization"},"potentialAction":[{"@type":"SearchAction","target":{"@type":"EntryPoint","urlTemplate":"https:\/\/armcom.ca\/?s={search_term_string}"},"query-input":{"@type":"PropertyValueSpecification","valueRequired":true,"valueName":"search_term_string"}}],"inLanguage":"fr-CA"},{"@type":"Organization","@id":"https:\/\/armcom.ca\/#organization","name":"Armstrongs","url":"https:\/\/armcom.ca\/","logo":{"@type":"ImageObject","inLanguage":"fr-CA","@id":"https:\/\/armcom.ca\/#\/schema\/logo\/image\/","url":"https:\/\/armcom.ca\/wp-content\/uploads\/2023\/04\/Armstrongs_logo_Master.png","contentUrl":"https:\/\/armcom.ca\/wp-content\/uploads\/2023\/04\/Armstrongs_logo_Master.png","width":1251,"height":271,"caption":"Armstrongs"},"image":{"@id":"https:\/\/armcom.ca\/#\/schema\/logo\/image\/"},"sameAs":["https:\/\/www.linkedin.com\/company\/armstrongs-an-avantguard-monitoring-company\/"]}]}},"_links":{"self":[{"href":"https:\/\/armcom.ca\/fr\/wp-json\/wp\/v2\/pages\/474","targetHints":{"allow":["GET"]}}],"collection":[{"href":"https:\/\/armcom.ca\/fr\/wp-json\/wp\/v2\/pages"}],"about":[{"href":"https:\/\/armcom.ca\/fr\/wp-json\/wp\/v2\/types\/page"}],"author":[{"embeddable":true,"href":"https:\/\/armcom.ca\/fr\/wp-json\/wp\/v2\/users\/2"}],"replies":[{"embeddable":true,"href":"https:\/\/armcom.ca\/fr\/wp-json\/wp\/v2\/comments?post=474"}],"version-history":[{"count":0,"href":"https:\/\/armcom.ca\/fr\/wp-json\/wp\/v2\/pages\/474\/revisions"}],"wp:featuredmedia":[{"embeddable":true,"href":"https:\/\/armcom.ca\/fr\/wp-json\/wp\/v2\/media\/475"}],"wp:attachment":[{"href":"https:\/\/armcom.ca\/fr\/wp-json\/wp\/v2\/media?parent=474"}],"curies":[{"name":"wp","href":"https:\/\/api.w.org\/{rel}","templated":true}]}}